{"id":21,"date":"2025-05-04T14:23:48","date_gmt":"2025-05-04T14:23:48","guid":{"rendered":"https:\/\/staging.orthopaedie-unfallchirurgie-wangen.de\/?page_id=21"},"modified":"2025-11-24T13:13:38","modified_gmt":"2025-11-24T12:13:38","slug":"21-2","status":"publish","type":"page","link":"https:\/\/orthopaedie-unfallchirurgie-wangen.de\/","title":{"rendered":"Startseite Praxisgemeinschaft"},"content":{"rendered":"<p>[et_pb_section fb_built=&#8220;1&#8243; disabled_on=&#8220;off|off|off&#8220; admin_label=&#8220;ganz oben alles Desktop&#8220; _builder_version=&#8220;4.27.2&#8243; _module_preset=&#8220;default&#8220; background_color=&#8220;#FFFFFF&#8220; max_width=&#8220;100%&#8220; max_width_tablet=&#8220;100%&#8220; max_width_phone=&#8220;100%&#8220; max_width_last_edited=&#8220;on|desktop&#8220; module_alignment=&#8220;left&#8220; height_tablet=&#8220;auto&#8220; height_phone=&#8220;auto&#8220; height_last_edited=&#8220;on|desktop&#8220; max_height_tablet=&#8220;&#8220; max_height_phone=&#8220;&#8220; max_height_last_edited=&#8220;on|phone&#8220; custom_margin=&#8220;0px|0px|0px|0px|false|false&#8220; custom_padding=&#8220;0px|0px|0px|0px|false|false&#8220; sticky_position=&#8220;top&#8220; sticky_position_tablet=&#8220;none&#8220; sticky_position_phone=&#8220;none&#8220; sticky_position_last_edited=&#8220;on|desktop&#8220; sticky_offset_top_tablet=&#8220;&#8220; sticky_offset_top_phone=&#8220;&#8220; sticky_offset_top_last_edited=&#8220;on|tablet&#8220; border_color_bottom=&#8220;#8bbd2d&#8220; locked=&#8220;off&#8220; global_colors_info=&#8220;{}&#8220;][et_pb_row column_structure=&#8220;3_4,1_4&#8243; use_custom_gutter=&#8220;on&#8220; custom_padding_last_edited=&#8220;on|desktop&#8220; _builder_version=&#8220;4.27.2&#8243; _module_preset=&#8220;default&#8220; background_color=&#8220;#FFFFFF&#8220; width=&#8220;auto&#8220; max_width=&#8220;1074px&#8220; max_width_tablet=&#8220;&#8220; max_width_phone=&#8220;&#8220; max_width_last_edited=&#8220;on|phone&#8220; module_alignment=&#8220;center&#8220; min_height_tablet=&#8220;&#8220; min_height_phone=&#8220;&#8220; min_height_last_edited=&#8220;on|tablet&#8220; max_height_tablet=&#8220;&#8220; max_height_phone=&#8220;&#8220; max_height_last_edited=&#8220;on|phone&#8220; custom_margin=&#8220;0px|0px|0px|0px|false|false&#8220; custom_margin_tablet=&#8220;&#8220; custom_margin_phone=&#8220;&#8220; custom_margin_last_edited=&#8220;on|phone&#8220; custom_padding=&#8220;0px||0px|0px|false|false&#8220; custom_padding_tablet=&#8220;&#8220; custom_padding_phone=&#8220;&#8220; animation_direction=&#8220;left&#8220; custom_css_main_element=&#8220;display: flex;&#8220; border_color_bottom=&#8220;#E57E00&#8243; global_colors_info=&#8220;{}&#8220; custom_css_main_element_last_edited=&#8220;on|desktop&#8220; custom_css_main_element_tablet=&#8220;display: flex;&#8220; custom_css_main_element_phone=&#8220;display: flex;&#8220;][et_pb_column type=&#8220;3_4&#8243; _builder_version=&#8220;4.27.0&#8243; _module_preset=&#8220;default&#8220; global_colors_info=&#8220;{}&#8220;][et_pb_image src=&#8220;https:\/\/orthopaedie-unfallchirurgie-wangen.de\/wp-content\/uploads\/2025\/05\/Logo-Gross-PG.png&#8220; title_text=&#8220;Logo Gro\u00df PG&#8220; show_bottom_space=&#8220;off&#8220; align_tablet=&#8220;left&#8220; align_phone=&#8220;left&#8220; align_last_edited=&#8220;on|desktop&#8220; disabled_on=&#8220;off|off|off&#8220; admin_label=&#8220;Logo Desktop&#8220; _builder_version=&#8220;4.27.4&#8243; _module_preset=&#8220;default&#8220; background_color=&#8220;RGBA(255,255,255,0)&#8220; width=&#8220;98%&#8220; width_tablet=&#8220;auto&#8220; width_phone=&#8220;auto&#8220; width_last_edited=&#8220;on|phone&#8220; max_width=&#8220;64%&#8220; max_width_tablet=&#8220;100%&#8220; max_width_phone=&#8220;100%&#8220; max_width_last_edited=&#8220;on|tablet&#8220; module_alignment=&#8220;left&#8220; max_height_tablet=&#8220;&#8220; max_height_phone=&#8220;&#8220; max_height_last_edited=&#8220;on|tablet&#8220; custom_margin=&#8220;0px|0px|0px||false|false&#8220; custom_margin_tablet=&#8220;&#8220; custom_margin_phone=&#8220;&#8220; custom_margin_last_edited=&#8220;on|desktop&#8220; custom_padding=&#8220;0px|0px|0px||false|false&#8220; custom_css_main_element=&#8220;display: flex;&#8220; global_colors_info=&#8220;{}&#8220; custom_css_main_element_last_edited=&#8220;on|desktop&#8220; custom_css_main_element_tablet=&#8220;display: flex;&#8220; custom_css_main_element_phone=&#8220;display: flex;&#8220;][\/et_pb_image][\/et_pb_column][et_pb_column type=&#8220;1_4&#8243; _builder_version=&#8220;4.27.0&#8243; _module_preset=&#8220;default&#8220; global_colors_info=&#8220;{}&#8220;][et_pb_blurb image_icon_background_color=&#8220;RGBA(255,255,255,0)&#8220; image_icon_width=&#8220;22px&#8220; icon_placement_tablet=&#8220;top&#8220; icon_placement_phone=&#8220;top&#8220; icon_placement_last_edited=&#8220;on|tablet&#8220; image_icon_width_tablet=&#8220;22px&#8220; image_icon_width_phone=&#8220;22px&#8220; image_icon_width_last_edited=&#8220;on|phone&#8220; icon_alignment_tablet=&#8220;center&#8220; icon_alignment_phone=&#8220;&#8220; icon_alignment_last_edited=&#8220;on|tablet&#8220; admin_label=&#8220;Adresse&#8220; _builder_version=&#8220;4.27.2&#8243; _module_preset=&#8220;default&#8220; header_font=&#8220;Montserrat||||||||&#8220; header_text_color=&#8220;#000000&#8243; header_line_height=&#8220;2em&#8220; body_font=&#8220;Montserrat|300|||||||&#8220; body_text_color=&#8220;#000000&#8243; body_font_size=&#8220;15px&#8220; body_line_height=&#8220;2em&#8220; image_icon_custom_margin_tablet=&#8220;0px||||false|false&#8220; image_icon_custom_margin_phone=&#8220;&#8220; image_icon_custom_margin_last_edited=&#8220;on|phone&#8220; image_icon_custom_padding=&#8220;8px|8px|8px|8px|false|false&#8220; image_icon_custom_padding_tablet=&#8220;8px|8px|8px|8px|false|false&#8220; image_icon_custom_padding_phone=&#8220;0px|0px|0px|0px|false|false&#8220; image_icon_custom_padding_last_edited=&#8220;on|phone&#8220; text_orientation=&#8220;center&#8220; width=&#8220;98%&#8220; width_tablet=&#8220;50%&#8220; width_phone=&#8220;auto&#8220; width_last_edited=&#8220;on|tablet&#8220; max_width=&#8220;98%&#8220; max_width_tablet=&#8220;50%&#8220; max_width_phone=&#8220;52%&#8220; max_width_last_edited=&#8220;on|tablet&#8220; max_height=&#8220;100px&#8220; max_height_tablet=&#8220;100px&#8220; max_height_phone=&#8220;100px&#8220; max_height_last_edited=&#8220;on|phone&#8220; custom_margin=&#8220;3%|||6px|false|false&#8220; custom_margin_tablet=&#8220;10%||0px||false|false&#8220; custom_margin_phone=&#8220;10%||0px||false|false&#8220; custom_margin_last_edited=&#8220;on|tablet&#8220; custom_padding=&#8220;7px|0px||0px|false|false&#8220; custom_padding_tablet=&#8220;3px|0px|||false|false&#8220; custom_padding_phone=&#8220;|||||false&#8220; custom_padding_last_edited=&#8220;on|phone&#8220; animation_style=&#8220;fade&#8220; animation=&#8220;off&#8220; link_option_url=&#8220;tel:+49-7522-93130&#8243; header_font_size_tablet=&#8220;&#8220; header_font_size_phone=&#8220;16px&#8220; header_font_size_last_edited=&#8220;on|phone&#8220; header_line_height_tablet=&#8220;2em&#8220; header_line_height_phone=&#8220;2em&#8220; header_line_height_last_edited=&#8220;on|phone&#8220; body_text_color_tablet=&#8220;#000000&#8243; body_text_color_phone=&#8220;#000000&#8243; body_text_color_last_edited=&#8220;on|phone&#8220; body_font_size_tablet=&#8220;12px&#8220; body_font_size_phone=&#8220;7px&#8220; body_font_size_last_edited=&#8220;on|phone&#8220; module_alignment_tablet=&#8220;center&#8220; module_alignment_phone=&#8220;center&#8220; module_alignment_last_edited=&#8220;on|phone&#8220; border_radii=&#8220;on|4px|4px|4px|4px&#8220; border_radii_image=&#8220;on|100%|100%|100%|100%&#8220; box_shadow_style=&#8220;preset6&#8243; box_shadow_blur=&#8220;38px&#8220; box_shadow_spread=&#8220;23px&#8220; icon_font_size=&#8220;22px&#8220; use_circle=&#8220;on&#8220; circle_color=&#8220;#c5dfff&#8220; locked=&#8220;off&#8220; global_colors_info=&#8220;{}&#8220; image_icon_background_color__sticky_enabled=&#8220;#7EBEC5&#8243; image_icon_background_color__sticky=&#8220;#7EBEC5&#8243;]<\/p>\n<p><span style=\"color: #161616;\"><a href=\"mailto:team@ortho-wangen.de\" style=\"color: #161616;\"><strong>team@ortho-wangen.de<\/strong> <\/a><\/span><\/p>\n<p><strong>Tel: +49-7522-93130<\/strong><\/p>\n<p>[\/et_pb_blurb][\/et_pb_column][\/et_pb_row][\/et_pb_section][et_pb_section fb_built=&#8220;1&#8243; fullwidth=&#8220;on&#8220; disabled_on=&#8220;off|off|off&#8220; admin_label=&#8220;Header Willkommen Desktop&#8220; _builder_version=&#8220;4.27.2&#8243; _module_preset=&#8220;default&#8220; background_color=&#8220;#8bbd2d&#8220; max_width_last_edited=&#8220;off|desktop&#8220; max_height=&#8220;35px&#8220; max_height_tablet=&#8220;30px&#8220; max_height_phone=&#8220;20px&#8220; max_height_last_edited=&#8220;on|desktop&#8220; custom_margin=&#8220;0px||||false|false&#8220; custom_margin_tablet=&#8220;0px||||false|false&#8220; custom_margin_phone=&#8220;0px||||false|false&#8220; custom_margin_last_edited=&#8220;on|phone&#8220; custom_padding=&#8220;0px||0px||false|false&#8220; top_divider_height_tablet=&#8220;0px&#8220; top_divider_height_phone=&#8220;&#8220; top_divider_height_last_edited=&#8220;on|tablet&#8220; sticky_position=&#8220;top&#8220; module_alignment_tablet=&#8220;&#8220; module_alignment_phone=&#8220;&#8220; module_alignment_last_edited=&#8220;on|desktop&#8220; sticky_position_tablet=&#8220;none&#8220; sticky_position_phone=&#8220;none&#8220; sticky_position_last_edited=&#8220;on|phone&#8220; global_colors_info=&#8220;{}&#8220;][et_pb_fullwidth_header title=&#8220;Willkommen !&#8220; text_orientation=&#8220;right&#8220; disabled_on=&#8220;off|off|off&#8220; _builder_version=&#8220;4.27.2&#8243; _module_preset=&#8220;default&#8220; title_font_size=&#8220;20px&#8220; background_color=&#8220;RGBA(255,255,255,0)&#8220; custom_margin=&#8220;0px||||false|false&#8220; custom_margin_tablet=&#8220;0px||||false|false&#8220; custom_margin_phone=&#8220;-3px||0px||false|false&#8220; custom_margin_last_edited=&#8220;on|phone&#8220; custom_padding=&#8220;0px||0px||true|false&#8220; custom_padding_tablet=&#8220;0px||0px||true|false&#8220; custom_padding_phone=&#8220;0px||0px||false|false&#8220; custom_padding_last_edited=&#8220;on|desktop&#8220; title_font_size_tablet=&#8220;13px&#8220; title_font_size_phone=&#8220;5px&#8220; title_font_size_last_edited=&#8220;on|phone&#8220; custom_css_title=&#8220;padding-bottom: 0!important;&#8220; global_colors_info=&#8220;{}&#8220;][\/et_pb_fullwidth_header][\/et_pb_section][et_pb_section fb_built=&#8220;1&#8243; disabled_on=&#8220;off|off|off&#8220; admin_label=&#8220;Praxen der PG Desktop&#8220; _builder_version=&#8220;4.27.4&#8243; _module_preset=&#8220;default&#8220; custom_margin=&#8220;0px||0px||false|false&#8220; custom_padding=&#8220;0px||0px||false|false&#8220; sticky_position=&#8220;top&#8220; global_colors_info=&#8220;{}&#8220;][et_pb_row column_structure=&#8220;1_3,1_3,1_3&#8243; _builder_version=&#8220;4.27.4&#8243; _module_preset=&#8220;default&#8220; global_colors_info=&#8220;{}&#8220;][et_pb_column type=&#8220;1_3&#8243; _builder_version=&#8220;4.27.4&#8243; _module_preset=&#8220;default&#8220; global_colors_info=&#8220;{}&#8220;][et_pb_image src=&#8220;https:\/\/orthopaedie-unfallchirurgie-wangen.de\/wp-content\/uploads\/2025\/05\/120727_Logo_Dr_Grueneberger-pdf.jpg&#8220; title_text=&#8220;120727_Logo_Dr_Gru\u0308neberger&#8220; url=&#8220;https:\/\/dr-grueneberger-ouw.de\/&#8220; admin_label=&#8220;Gr\u00fcneberger&#8220; _builder_version=&#8220;4.27.4&#8243; _module_preset=&#8220;default&#8220; global_colors_info=&#8220;{}&#8220;][\/et_pb_image][\/et_pb_column][et_pb_column type=&#8220;1_3&#8243; _builder_version=&#8220;4.27.4&#8243; _module_preset=&#8220;default&#8220; global_colors_info=&#8220;{}&#8220;][et_pb_image src=&#8220;https:\/\/orthopaedie-unfallchirurgie-wangen.de\/wp-content\/uploads\/2025\/05\/120727_Logo_Dr_Fricke-pdf.jpg&#8220; title_text=&#8220;120727_Logo_Dr_Fricke&#8220; url=&#8220;http:\/\/www.orthopaedie-wangen.de\/&#8220; admin_label=&#8220;Fricke&#8220; _builder_version=&#8220;4.27.4&#8243; _module_preset=&#8220;default&#8220; global_colors_info=&#8220;{}&#8220;][\/et_pb_image][\/et_pb_column][et_pb_column type=&#8220;1_3&#8243; _builder_version=&#8220;4.27.4&#8243; _module_preset=&#8220;default&#8220; global_colors_info=&#8220;{}&#8220;][et_pb_image src=&#8220;https:\/\/orthopaedie-unfallchirurgie-wangen.de\/wp-content\/uploads\/2025\/05\/Logo_BAG.png&#8220; title_text=&#8220;Logo_BAG&#8220; url=&#8220;https:\/\/praxis-frei-suntheim.de\/&#8220; admin_label=&#8220;BAG&#8220; _builder_version=&#8220;4.27.4&#8243; _module_preset=&#8220;default&#8220; global_colors_info=&#8220;{}&#8220;][\/et_pb_image][\/et_pb_column][\/et_pb_row][\/et_pb_section][et_pb_section fb_built=&#8220;1&#8243; disabled_on=&#8220;off|off|off&#8220; admin_label=&#8220;Aktuelles&#8220; _builder_version=&#8220;4.27.2&#8243; _module_preset=&#8220;default&#8220; custom_margin=&#8220;-101px|||||&#8220; custom_padding=&#8220;0px||11px|||&#8220; global_colors_info=&#8220;{}&#8220;][et_pb_row _builder_version=&#8220;4.27.0&#8243; _module_preset=&#8220;default&#8220; custom_margin=&#8220;26px|auto||auto||&#8220; custom_padding=&#8220;45px|||||&#8220; global_colors_info=&#8220;{}&#8220;][et_pb_column type=&#8220;4_4&#8243; _builder_version=&#8220;4.27.0&#8243; _module_preset=&#8220;default&#8220; global_colors_info=&#8220;{}&#8220;][et_pb_blurb _builder_version=&#8220;4.27.4&#8243; _module_preset=&#8220;default&#8220; global_colors_info=&#8220;{}&#8220;]<\/p>\n<p><span class=\"xr_tl xr_s16\" style=\"top: 0px; left: 5.21px;\"><span class=\"xr_s16\" style=\"width: 198.32px; display: inline-block; -ms-transform-origin: 0%; -webkit-transform-origin: 0%; transform-origin: 0%; -webkit-transform: scaleX(0.995); -moz-transform: scaleX(0.995); -o-transform: scaleX(0.995); transform: scaleX(0.995);\">Liebe Patientin, lieber Patient,<\/span><\/span> <span class=\"xr_tl xr_s16\" style=\"top: 16.76px; left: 5.21px;\"><span class=\"xr_s16\" style=\"width: 4.15px; display: inline-block; -ms-transform-origin: 0%; -webkit-transform-origin: 0%; transform-origin: 0%; -webkit-transform: scaleX(0.995); -moz-transform: scaleX(0.995); -o-transform: scaleX(0.995); transform: scaleX(0.995);\"> <\/span><\/span> <span class=\"xr_tl xr_s16\" style=\"top: 33.51px; left: 5.21px;\"><span class=\"xr_s16\" style=\"width: 625.87px; display: inline-block; -ms-transform-origin: 0%; -webkit-transform-origin: 0%; transform-origin: 0%; -webkit-transform: scaleX(0.995); -moz-transform: scaleX(0.995); -o-transform: scaleX(0.995); transform: scaleX(0.995);\">seit Mai 2012 besteht unsere Praxisgemeinschaft im Gesundheitszentrum Wangen. In unseren<\/span><\/span> <span class=\"xr_tl xr_s16\" style=\"top: 50.27px; left: 5.21px;\"><span class=\"xr_s16\" style=\"width: 397.42px; display: inline-block; -ms-transform-origin: 0%; -webkit-transform-origin: 0%; transform-origin: 0%; -webkit-transform: scaleX(0.995); -moz-transform: scaleX(0.995); -o-transform: scaleX(0.995); transform: scaleX(0.995);\">gemeinsamen R\u00e4umen finden Sie drei Facharztpraxen.<\/span><\/span> <span class=\"xr_tl xr_s16\" style=\"top: 67.03px; left: 5.21px;\"><span class=\"xr_s16\" style=\"width: 640.55px; display: inline-block; -ms-transform-origin: 0%; -webkit-transform-origin: 0%; transform-origin: 0%; -webkit-transform: scaleX(0.995); -moz-transform: scaleX(0.995); -o-transform: scaleX(0.995); transform: scaleX(0.995);\">F\u00fcr weitere Informationen zu den einzelnen Praxen und den Fach\u00e4rzten klicken Sie bitte auf das <\/span><\/span> <span class=\"xr_tl xr_s16\" style=\"top: 83.78px; left: 5.21px;\"><span class=\"xr_s16\" style=\"width: 481.23px; display: inline-block; -ms-transform-origin: 0%; -webkit-transform-origin: 0%; transform-origin: 0%; -webkit-transform: scaleX(0.995); -moz-transform: scaleX(0.995); -o-transform: scaleX(0.995); transform: scaleX(0.995);\">entsprechende Praxislogo, Sie werden dann zu Ihrem Arzt weitergeleitet.<\/span><\/span> <span class=\"xr_tl xr_s16\" style=\"top: 117.29px; left: 5.21px;\"><span class=\"xr_s16\" style=\"width: 160.12px; display: inline-block; -ms-transform-origin: 0%; -webkit-transform-origin: 0%; transform-origin: 0%; -webkit-transform: scaleX(0.995); -moz-transform: scaleX(0.995); -o-transform: scaleX(0.995); transform: scaleX(0.995);\">Ihre Praxisgemeinschaft<\/span><\/span><\/p>\n<p>[\/et_pb_blurb][et_pb_image src=&#8220;https:\/\/orthopaedie-unfallchirurgie-wangen.de\/wp-content\/uploads\/2025\/08\/250722_Anzeige_Praxisgemeinschaft_Stelle-pdf.jpg&#8220; title_text=&#8220;250722_Anzeige_Praxisgemeinschaft_Stelle&#8220; align=&#8220;center&#8220; _builder_version=&#8220;4.27.4&#8243; _module_preset=&#8220;default&#8220; box_shadow_style=&#8220;preset1&#8243; global_colors_info=&#8220;{}&#8220; disabled_on=&#8220;on|on|on&#8220; disabled=&#8220;on&#8220;][\/et_pb_image][\/et_pb_column][\/et_pb_row][\/et_pb_section][et_pb_section fb_built=&#8220;1&#8243; disabled_on=&#8220;on|on|off&#8220; admin_label=&#8220;Karte Bild Desktop&#8220; _builder_version=&#8220;4.27.2&#8243; _module_preset=&#8220;default&#8220; custom_margin=&#8220;||10px|||&#8220; custom_padding=&#8220;1px||25px|||&#8220; global_colors_info=&#8220;{}&#8220;][et_pb_row column_structure=&#8220;1_2,1_2&#8243; _builder_version=&#8220;4.27.2&#8243; _module_preset=&#8220;default&#8220; min_height=&#8220;382px&#8220; custom_margin=&#8220;-106px|auto|-40px|auto||&#8220; custom_padding=&#8220;||23px|||&#8220; global_colors_info=&#8220;{}&#8220;][et_pb_column type=&#8220;1_2&#8243; _builder_version=&#8220;4.27.2&#8243; _module_preset=&#8220;default&#8220; global_colors_info=&#8220;{}&#8220;][et_pb_image src=&#8220;https:\/\/orthopaedie-unfallchirurgie-wangen.de\/wp-content\/uploads\/2025\/05\/Wangen-Praxis-map.jpg&#8220; title_text=&#8220;Wangen Praxis map&#8220; _builder_version=&#8220;4.27.2&#8243; _module_preset=&#8220;default&#8220; width=&#8220;85%&#8220; max_width=&#8220;85%&#8220; min_height=&#8220;309px&#8220; custom_margin=&#8220;32px|||||&#8220; custom_padding=&#8220;||28px|||&#8220; global_colors_info=&#8220;{}&#8220;][\/et_pb_image][\/et_pb_column][et_pb_column type=&#8220;1_2&#8243; _builder_version=&#8220;4.27.2&#8243; _module_preset=&#8220;default&#8220; global_colors_info=&#8220;{}&#8220;][et_pb_image src=&#8220;https:\/\/orthopaedie-unfallchirurgie-wangen.de\/wp-content\/uploads\/2025\/05\/IMG_4496.jpeg&#8220; title_text=&#8220;IMG_4496&#8243; align=&#8220;center&#8220; _builder_version=&#8220;4.27.2&#8243; _module_preset=&#8220;default&#8220; width=&#8220;100%&#8220; max_width=&#8220;100%&#8220; min_height=&#8220;291px&#8220; custom_padding=&#8220;|2px|0px|||&#8220; border_radii=&#8220;on|4px|4px|4px|4px&#8220; global_colors_info=&#8220;{}&#8220;][\/et_pb_image][\/et_pb_column][\/et_pb_row][\/et_pb_section][et_pb_section fb_built=&#8220;1&#8243; disabled_on=&#8220;off|on|on&#8220; admin_label=&#8220;Karte Bild Iphone&#8220; _builder_version=&#8220;4.27.2&#8243; _module_preset=&#8220;default&#8220; min_height=&#8220;239px&#8220; custom_margin=&#8220;||-5px|||&#8220; custom_padding=&#8220;1px||25px|||&#8220; global_colors_info=&#8220;{}&#8220;][et_pb_row _builder_version=&#8220;4.27.2&#8243; _module_preset=&#8220;default&#8220; min_height=&#8220;268px&#8220; custom_margin=&#8220;-12px|auto||auto||&#8220; custom_padding=&#8220;||0px|||&#8220; global_colors_info=&#8220;{}&#8220;][et_pb_column type=&#8220;4_4&#8243; _builder_version=&#8220;4.27.2&#8243; _module_preset=&#8220;default&#8220; global_colors_info=&#8220;{}&#8220;][et_pb_image src=&#8220;https:\/\/orthopaedie-unfallchirurgie-wangen.de\/wp-content\/uploads\/2025\/05\/Wangen-Praxis-map.jpg&#8220; title_text=&#8220;Wangen Praxis map&#8220; align=&#8220;center&#8220; _builder_version=&#8220;4.27.2&#8243; _module_preset=&#8220;default&#8220; width=&#8220;89.7%&#8220; max_width=&#8220;85%&#8220; min_height=&#8220;203px&#8220; custom_margin=&#8220;|-9px||27px||&#8220; custom_padding=&#8220;51px|0px|0px|0px||&#8220; global_colors_info=&#8220;{}&#8220;][\/et_pb_image][\/et_pb_column][\/et_pb_row][\/et_pb_section][et_pb_section fb_built=&#8220;1&#8243; disabled_on=&#8220;on|off|on&#8220; admin_label=&#8220;Karte Bild Tablet&#8220; _builder_version=&#8220;4.27.2&#8243; _module_preset=&#8220;default&#8220; custom_padding=&#8220;1px||25px|||&#8220; global_colors_info=&#8220;{}&#8220;][et_pb_row _builder_version=&#8220;4.27.2&#8243; _module_preset=&#8220;default&#8220; min_height=&#8220;382px&#8220; custom_margin=&#8220;-12px|auto||auto||&#8220; global_colors_info=&#8220;{}&#8220;][et_pb_column type=&#8220;4_4&#8243; _builder_version=&#8220;4.27.2&#8243; _module_preset=&#8220;default&#8220; global_colors_info=&#8220;{}&#8220;][et_pb_image src=&#8220;https:\/\/orthopaedie-unfallchirurgie-wangen.de\/wp-content\/uploads\/2025\/05\/Wangen-Praxis-map.jpg&#8220; title_text=&#8220;Wangen Praxis map&#8220; align=&#8220;center&#8220; _builder_version=&#8220;4.27.2&#8243; _module_preset=&#8220;default&#8220; width=&#8220;89.7%&#8220; max_width=&#8220;85%&#8220; min_height=&#8220;309px&#8220; custom_margin=&#8220;|18px||||&#8220; custom_padding=&#8220;30px|3px|0px|0px||&#8220; global_colors_info=&#8220;{}&#8220;][\/et_pb_image][\/et_pb_column][\/et_pb_row][\/et_pb_section]<\/p>\n","protected":false},"excerpt":{"rendered":"<p>team@ortho-wangen.de Tel: +49-7522-93130Liebe Patientin, lieber Patient, seit Mai 2012 besteht unsere Praxisgemeinschaft im Gesundheitszentrum Wangen. In unseren gemeinsamen R\u00e4umen finden Sie drei Facharztpraxen. F\u00fcr weitere Informationen zu den einzelnen Praxen und den Fach\u00e4rzten klicken Sie bitte auf das entsprechende Praxislogo, Sie werden dann zu Ihrem Arzt weitergeleitet. Ihre Praxisgemeinschaft<\/p>\n","protected":false},"author":1,"featured_media":0,"parent":0,"menu_order":0,"comment_status":"closed","ping_status":"closed","template":"","meta":{"_et_pb_use_builder":"on","_et_pb_old_content":"","_et_gb_content_width":"","footnotes":""},"class_list":["post-21","page","type-page","status-publish","hentry"],"_links":{"self":[{"href":"https:\/\/orthopaedie-unfallchirurgie-wangen.de\/index.php?rest_route=\/wp\/v2\/pages\/21","targetHints":{"allow":["GET"]}}],"collection":[{"href":"https:\/\/orthopaedie-unfallchirurgie-wangen.de\/index.php?rest_route=\/wp\/v2\/pages"}],"about":[{"href":"https:\/\/orthopaedie-unfallchirurgie-wangen.de\/index.php?rest_route=\/wp\/v2\/types\/page"}],"author":[{"embeddable":true,"href":"https:\/\/orthopaedie-unfallchirurgie-wangen.de\/index.php?rest_route=\/wp\/v2\/users\/1"}],"replies":[{"embeddable":true,"href":"https:\/\/orthopaedie-unfallchirurgie-wangen.de\/index.php?rest_route=%2Fwp%2Fv2%2Fcomments&post=21"}],"version-history":[{"count":18,"href":"https:\/\/orthopaedie-unfallchirurgie-wangen.de\/index.php?rest_route=\/wp\/v2\/pages\/21\/revisions"}],"predecessor-version":[{"id":971,"href":"https:\/\/orthopaedie-unfallchirurgie-wangen.de\/index.php?rest_route=\/wp\/v2\/pages\/21\/revisions\/971"}],"wp:attachment":[{"href":"https:\/\/orthopaedie-unfallchirurgie-wangen.de\/index.php?rest_route=%2Fwp%2Fv2%2Fmedia&parent=21"}],"curies":[{"name":"wp","href":"https:\/\/api.w.org\/{rel}","templated":true}]}}